{"id":44,"date":"2020-03-29T18:58:55","date_gmt":"2020-03-29T16:58:55","guid":{"rendered":"http:\/\/kf.dietour.org\/?page_id=44"},"modified":"2020-04-18T11:07:35","modified_gmt":"2020-04-18T09:07:35","slug":"schwimmhalle","status":"publish","type":"page","link":"https:\/\/schwimmschule-kleine-fische.de\/?page_id=44","title":{"rendered":"Schwimmhalle"},"content":{"rendered":"<div class=\"wpb-content-wrapper\"><p>[vc_row][vc_column]<div id=\"ultimate-heading-562969d6fd28940ec\" class=\"uvc-heading ult-adjust-bottom-margin ultimate-heading-562969d6fd28940ec uvc-8581 \" data-hspacer=\"image_only\"  data-halign=\"center\" style=\"text-align:center\"><div class=\"uvc-main-heading ult-responsive\"  data-ultimate-target='.uvc-heading.ultimate-heading-562969d6fd28940ec h2'  data-responsive-json-new='{\"font-size\":\"\",\"line-height\":\"\"}' ><h2 style=\"font-weight:normal;\">Unser Lehrschwimmbecken<\/h2><\/div><div class=\"uvc-heading-spacer image_only\" style=\"top\"><img decoding=\"async\" src=\"https:\/\/schwimmschule-kleine-fische.de\/wp-content\/uploads\/2020\/04\/splitter-largeX5.jpg\" class=\"ultimate-headings-icon-image\" alt=\"null\" style=\"width:2000px\"\/><\/div><\/div><div class=\"ult-spacer spacer-69d6fd2894150\" data-id=\"69d6fd2894150\" data-height=\"10\" data-height-mobile=\"5\" data-height-tab=\"\" data-height-tab-portrait=\"\" data-height-mobile-landscape=\"5\" style=\"clear:both;display:block;\"><\/div>[\/vc_column][\/vc_row][vc_row][vc_column width=&#8220;1\/6&#8243; css=&#8220;.vc_custom_1585928580306{margin-top: 20% !important;margin-right: 20% !important;margin-bottom: 20% !important;margin-left: 20% !important;}&#8220;][\/vc_column][vc_column width=&#8220;2\/3&#8243;][vc_column_text]Sie finden das Schwimmbad im Swatten Weg 10, in 22547 Hamburg-Lurup, direkt neben der Fridtjof-Nansen-Schule.[\/vc_column_text][layerslider_vc id=&#8220;3&#8243;][\/vc_column][vc_column width=&#8220;1\/6&#8243;][\/vc_column][\/vc_row][vc_row][vc_column width=&#8220;1\/6&#8243;][\/vc_column][vc_column width=&#8220;2\/3&#8243;]<div id=\"ultimate-heading-850369d6fd2894189\" class=\"uvc-heading ult-adjust-bottom-margin ultimate-heading-850369d6fd2894189 uvc-5204 \" data-hspacer=\"no_spacer\"  data-halign=\"center\" style=\"text-align:center\"><div class=\"uvc-heading-spacer no_spacer\" style=\"top\"><\/div><div class=\"uvc-main-heading ult-responsive\"  data-ultimate-target='.uvc-heading.ultimate-heading-850369d6fd2894189 h5'  data-responsive-json-new='{\"font-size\":\"\",\"line-height\":\"\"}' ><h5 style=\"font-weight:normal;\">Blick zur Fensterfront<\/h5><\/div><\/div>[vc_single_image image=&#8220;334&#8243; img_size=&#8220;2048&#8243; alignment=&#8220;center&#8220;]<div class=\"ult-spacer spacer-69d6fd28941bd\" data-id=\"69d6fd28941bd\" data-height=\"10\" data-height-mobile=\"5\" data-height-tab=\"\" data-height-tab-portrait=\"\" data-height-mobile-landscape=\"5\" style=\"clear:both;display:block;\"><\/div><div id=\"ultimate-heading-511269d6fd28941da\" class=\"uvc-heading ult-adjust-bottom-margin ultimate-heading-511269d6fd28941da uvc-287 \" data-hspacer=\"no_spacer\"  data-halign=\"center\" style=\"text-align:center\"><div class=\"uvc-heading-spacer no_spacer\" style=\"top\"><\/div><div class=\"uvc-main-heading ult-responsive\"  data-ultimate-target='.uvc-heading.ultimate-heading-511269d6fd28941da h5'  data-responsive-json-new='{\"font-size\":\"\",\"line-height\":\"\"}' ><h5 style=\"font-weight:normal;\">Blick zur Eingangsseite<\/h5><\/div><\/div>[vc_single_image image=&#8220;335&#8243; img_size=&#8220;2048&#8243;][vc_column_text]Unser Lehrschwimmbecken ist zehn mal acht Meter gro\u00df und hat eine breite Einstiegstreppe um ins Wasser zu kommen. Diese ist hervorragend f\u00fcr alle Anf\u00e4ngerschwimmgruppen und Kinder oder Erwachsene mit Handicap geeignet, da sie so meist selbst\u00e4ndig ins Wasser gehen k\u00f6nnen. Sie bietet in der Wassergew\u00f6hnung und im Schwimmunterricht vielf\u00e4ltige M\u00f6glichkeiten. Vorne ist das Wasser 80 Zentimeter und an der tiefsten Stelle ist das Wasser 1,20 Meter tief. Die Wassertemperatur betr\u00e4gt 30\u00b0.<\/p>\n<p>In unserem Schwimmbad besteht Badekappenpflicht.<\/p>\n<p>Sie m\u00f6chten mehr \u00fcber unser Schwimmbad erfahren.<\/p>\n<p><a href=\"http:\/\/www.lufisch.de\/\">http:\/\/www.lufisch.de\/<\/a>[\/vc_column_text][\/vc_column][vc_column width=&#8220;1\/6&#8243;][\/vc_column][\/vc_row]<\/p>\n<\/div>","protected":false},"excerpt":{"rendered":"<p>[vc_row][vc_column][\/vc_column][\/vc_row][vc_row][vc_column width=&#8220;1\/6&#8243; css=&#8220;.vc_custom_1585928580306{margin-top: 20% !important;margin-right: 20% !important;margin-bottom: 20% !important;margin-left: 20% !important;}&#8220;][\/vc_column][vc_column width=&#8220;2\/3&#8243;][vc_column_text]Sie finden das Schwimmbad im Swatten Weg 10, in 22547 Hamburg-Lurup, direkt neben der Fridtjof-Nansen-Schule.[\/vc_column_text][layerslider_vc id=&#8220;3&#8243;][\/vc_column][vc_column width=&#8220;1\/6&#8243;][\/vc_column][\/vc_row][vc_row][vc_column width=&#8220;1\/6&#8243;][\/vc_column][vc_column width=&#8220;2\/3&#8243;][vc_single_image [&hellip;]<\/p>\n","protected":false},"author":1,"featured_media":0,"parent":0,"menu_order":0,"comment_status":"closed","ping_status":"closed","template":"","meta":{"footnotes":""},"class_list":["post-44","page","type-page","status-publish","hentry"],"_links":{"self":[{"href":"https:\/\/schwimmschule-kleine-fische.de\/index.php?rest_route=\/wp\/v2\/pages\/44","targetHints":{"allow":["GET"]}}],"collection":[{"href":"https:\/\/schwimmschule-kleine-fische.de\/index.php?rest_route=\/wp\/v2\/pages"}],"about":[{"href":"https:\/\/schwimmschule-kleine-fische.de\/index.php?rest_route=\/wp\/v2\/types\/page"}],"author":[{"embeddable":true,"href":"https:\/\/schwimmschule-kleine-fische.de\/index.php?rest_route=\/wp\/v2\/users\/1"}],"replies":[{"embeddable":true,"href":"https:\/\/schwimmschule-kleine-fische.de\/index.php?rest_route=%2Fwp%2Fv2%2Fcomments&post=44"}],"version-history":[{"count":23,"href":"https:\/\/schwimmschule-kleine-fische.de\/index.php?rest_route=\/wp\/v2\/pages\/44\/revisions"}],"predecessor-version":[{"id":665,"href":"https:\/\/schwimmschule-kleine-fische.de\/index.php?rest_route=\/wp\/v2\/pages\/44\/revisions\/665"}],"wp:attachment":[{"href":"https:\/\/schwimmschule-kleine-fische.de\/index.php?rest_route=%2Fwp%2Fv2%2Fmedia&parent=44"}],"curies":[{"name":"wp","href":"https:\/\/api.w.org\/{rel}","templated":true}]}}