{"id":46,"date":"2020-03-29T18:59:54","date_gmt":"2020-03-29T16:59:54","guid":{"rendered":"http:\/\/kf.dietour.org\/?page_id=46"},"modified":"2020-04-19T17:01:12","modified_gmt":"2020-04-19T15:01:12","slug":"unser-konzept","status":"publish","type":"page","link":"https:\/\/schwimmschule-kleine-fische.de\/?page_id=46","title":{"rendered":"Unser Konzept"},"content":{"rendered":"<div class=\"wpb-content-wrapper\"><p>[vc_row][vc_column width=&#8220;1\/2&#8243;][vc_column_text]<\/p>\n<p style=\"text-align: center;\" align=\"center\"><strong>\u201eDas Kind strebt danach, erwachsen zu werden, nicht indem es alles umfassend erkl\u00e4rt und vorgezeigt bekommt, sondern indem es mit eignem Einsatz forscht und selbst\u00e4ndige Erfahrungen macht.\u201c<\/strong><br \/>\n<em>(Jean Piaget)<\/em><\/p>\n<p>[\/vc_column_text][vc_single_image image=&#8220;846&#8243; img_size=&#8220;medium&#8220; alignment=&#8220;center&#8220; css_animation=&#8220;zoomIn&#8220;][vc_column_text]<strong>Schwimmen lernen mit viel Spa\u00df<\/strong><\/p>\n<p>Die Schwimmschule Kleine Fische besteht seit dem Jahr 2010. Unter dem Motto \u201eSchwimmen lernen mit viel Spa\u00df\u201c haben bei uns schon viele Kinder das Schwimmen gelernt. Uns ist es wichtig, dass die Kinder Spa\u00df und Freude am Schwimmen haben, vielseitig und angstfrei lernen k\u00f6nnen und \u00fcber Erfolgserlebnisse zu sicheren Schwimmern ausgebildet werden.<\/p>\n<p>Die Schwimmausbildung unter der Leitung von qualifizierten Trainern ist vielseitig, abwechslungsreich, spielerisch, l\u00e4uft aber auch immer wieder nach bekannten Mustern ab. Spiele lenken ab, so dass viele Kinder mehr ausprobieren, als sie sich sonst zutrauen w\u00fcrden. Die Kinder sind, bis auf die Momente in denen eine Aufgabe kurz und knapp erkl\u00e4rt wird, m\u00f6glichst immer in Bewegung, damit keiner frieren, sich langweilen oder lange warten muss.<br \/>\nBei den Kleinen Fischen ist es uns sehr wichtig, einen guten Kontakt sowohl zu den Kindern als auch zu ihren Eltern zu haben. Jeder soll das Gef\u00fchl haben, dass er sich bei uns wohl f\u00fchlen kann und so angenommen wird, wie er ist.[\/vc_column_text][\/vc_column][vc_column width=&#8220;1\/2&#8243;][vc_column_text]<\/p>\n<p style=\"text-align: center;\" align=\"center\"><strong>Nicht das Kind soll sich der Umgebung anpassen,<\/strong><b><br \/>\n<strong>sondern wir sollten die Umgebung dem Kind anpassen\u201c<\/strong><br \/>\n<\/b><em>(Maria Montessori)<\/em><\/p>\n<p>[\/vc_column_text]<div class=\"ult-spacer spacer-69f0c2c0abed9\" data-id=\"69f0c2c0abed9\" data-height=\"21\" data-height-mobile=\"21\" data-height-tab=\"21\" data-height-tab-portrait=\"\" data-height-mobile-landscape=\"\" style=\"clear:both;display:block;\"><\/div>[vc_single_image image=&#8220;755&#8243; img_size=&#8220;medium&#8220; alignment=&#8220;center&#8220; css_animation=&#8220;zoomIn&#8220;][vc_column_text]<strong>Inklusion<\/strong><\/p>\n<p>Inklusion und gleichberechtigte Teilhabe am Schwimmen ist f\u00fcr uns eine Herzensangelegenheit. Aufgrund unserer langj\u00e4hrigen Erfahrung wissen wir, wie schwierig es f\u00fcr viele Familien manchmal ist, Kinder mit Handicap oder anderweitigen Auff\u00e4lligkeiten in Vereinen oder bei bestimmten Sportangeboten unterzubringen.\u00a0 Bei soll sich niemand als Au\u00dfenstehender f\u00fchlen m\u00fcssen. Bei uns lernen Kinder mit und ohne Handicap gemeinschaftlich in den Gruppen. Sie m\u00fcssen sich uns nicht anpassen, sondern wir versuchen, den Rahmen so zu gestalten, dass wir die Bed\u00fcrfnisse aller ber\u00fccksichtigen k\u00f6nnen.<\/p>\n<p>Denn: Alle k\u00f6nnen voneinander lernen.<\/p>\n<p>Zugegeben: Das ist nicht immer einfach, da einige Kinder mehr Betreuung brauchen als andere. In F\u00e4llen wie diesen erh\u00f6hen wir entweder die Zahl der Trainer oder reduzieren die Zahl der Kinder in einer Gruppe, so dass wir auch wirklich allen gleicherma\u00dfen gerecht werden k\u00f6nnen.[\/vc_column_text][\/vc_column][\/vc_row]<\/p>\n<\/div>","protected":false},"excerpt":{"rendered":"<p>[vc_row][vc_column width=&#8220;1\/2&#8243;][vc_column_text] \u201eDas Kind strebt danach, erwachsen zu werden, nicht indem es alles umfassend erkl\u00e4rt und vorgezeigt bekommt, sondern indem es mit eignem Einsatz forscht und selbst\u00e4ndige Erfahrungen macht.\u201c (Jean [&hellip;]<\/p>\n","protected":false},"author":1,"featured_media":0,"parent":0,"menu_order":0,"comment_status":"closed","ping_status":"closed","template":"","meta":{"footnotes":""},"class_list":["post-46","page","type-page","status-publish","hentry"],"_links":{"self":[{"href":"https:\/\/schwimmschule-kleine-fische.de\/index.php?rest_route=\/wp\/v2\/pages\/46","targetHints":{"allow":["GET"]}}],"collection":[{"href":"https:\/\/schwimmschule-kleine-fische.de\/index.php?rest_route=\/wp\/v2\/pages"}],"about":[{"href":"https:\/\/schwimmschule-kleine-fische.de\/index.php?rest_route=\/wp\/v2\/types\/page"}],"author":[{"embeddable":true,"href":"https:\/\/schwimmschule-kleine-fische.de\/index.php?rest_route=\/wp\/v2\/users\/1"}],"replies":[{"embeddable":true,"href":"https:\/\/schwimmschule-kleine-fische.de\/index.php?rest_route=%2Fwp%2Fv2%2Fcomments&post=46"}],"version-history":[{"count":11,"href":"https:\/\/schwimmschule-kleine-fische.de\/index.php?rest_route=\/wp\/v2\/pages\/46\/revisions"}],"predecessor-version":[{"id":849,"href":"https:\/\/schwimmschule-kleine-fische.de\/index.php?rest_route=\/wp\/v2\/pages\/46\/revisions\/849"}],"wp:attachment":[{"href":"https:\/\/schwimmschule-kleine-fische.de\/index.php?rest_route=%2Fwp%2Fv2%2Fmedia&parent=46"}],"curies":[{"name":"wp","href":"https:\/\/api.w.org\/{rel}","templated":true}]}}