{"id":48,"date":"2020-03-29T19:00:45","date_gmt":"2020-03-29T17:00:45","guid":{"rendered":"http:\/\/kf.dietour.org\/?page_id=48"},"modified":"2024-07-29T21:53:15","modified_gmt":"2024-07-29T19:53:15","slug":"schwimmabzeichen","status":"publish","type":"page","link":"https:\/\/schwimmschule-kleine-fische.de\/?page_id=48","title":{"rendered":"Schwimmabzeichen"},"content":{"rendered":"<div class=\"wpb-content-wrapper\"><p>[vc_row][vc_column]<div class=\"ult-spacer spacer-69e2ff9070906\" data-id=\"69e2ff9070906\" data-height=\"10\" data-height-mobile=\"5\" data-height-tab=\"\" data-height-tab-portrait=\"\" data-height-mobile-landscape=\"5\" style=\"clear:both;display:block;\"><\/div><div id=\"ultimate-heading-538869e2ff9070d3e\" class=\"uvc-heading ult-adjust-bottom-margin ultimate-heading-538869e2ff9070d3e uvc-922 \" data-hspacer=\"image_only\"  data-halign=\"center\" style=\"text-align:center\"><div class=\"uvc-main-heading ult-responsive\"  data-ultimate-target='.uvc-heading.ultimate-heading-538869e2ff9070d3e h2'  data-responsive-json-new='{\"font-size\":\"\",\"line-height\":\"\"}' ><h2 style=\"font-weight:normal;\">Erreichte Schwimmabzeichen<\/h2><\/div><div class=\"uvc-sub-heading ult-responsive\"  data-ultimate-target='.uvc-heading.ultimate-heading-538869e2ff9070d3e .uvc-sub-heading '  data-responsive-json-new='{\"font-size\":\"\",\"line-height\":\"\"}'  style=\"font-weight:normal;\">2010 &#8211; 2023<\/div><div class=\"uvc-heading-spacer image_only\" style=\"top\"><img decoding=\"async\" src=\"https:\/\/schwimmschule-kleine-fische.de\/wp-content\/uploads\/2020\/04\/splitter-largeX5.jpg\" class=\"ultimate-headings-icon-image\" alt=\"null\" style=\"width:2000px\"\/><\/div><\/div>[\/vc_column][vc_column][vc_row_inner content_placement=&#8220;top&#8220;][vc_column_inner][layerslider_vc id=&#8220;4&#8243;][\/vc_column_inner][\/vc_row_inner][\/vc_column][\/vc_row][vc_row][vc_column width=&#8220;2\/4&#8243;][vc_column_text]Die Kinder haben bei uns die M\u00f6glichkeit das Seepferdchen-, Bronze-, Silber- und Goldabzeichen zu machen. Da der Weg zum Seepferdchen oftmals sehr lang ist k\u00f6nnen die Kinder vorher bereits unser eigens daf\u00fcr konzipiertes Wassergew\u00f6hnungsabzeichen Kleine Fische erlangen.<\/p>\n<p>Hier liegt der Schwerpunkt auf Tauchen, Schweben, Springen und Gleiten in Brust- und R\u00fcckenlage. Die Kinder bekommen unser Logo als Stoffabzeichen und eine passende Urkunde dazu, wo auf der R\u00fcckseite vermerkt ist, was sie alles geleistet haben.<\/p>\n<p>Da die Schwimmhalle an der tiefsten Stelle nur 1,20 Meter misst m\u00fcssen die Bronze-, Silber- und Gold-Schwimmabzeichen-Abnahmen in einer gr\u00f6\u00dferen Schwimmhalle abgenommen werden. Hierf\u00fcr treffen wir uns zu bestimmten Terminen in einem gr\u00f6\u00dferen Schwimmbad.[\/vc_column_text][\/vc_column][vc_column el_align=&#8220;center&#8220; width=&#8220;1\/4&#8243;]<div id=\"dt-1585907682401-9c7f94fe-e459\" class=\"dt-logo-container logo-align-center\">  <a href=\"https:\/\/schwimmschule-kleine-fische.de\/\" rel=\"home\"><img decoding=\"async\" src=\"https:\/\/schwimmschule-kleine-fische.de\/wp-content\/uploads\/layerslider\/testvideo\/kleine_fische_logo.png\" alt=\"Schwimmschule Kleine Fische\"\/><\/a><\/div>[\/vc_column][vc_column el_align=&#8220;center&#8220; width=&#8220;1\/4&#8243;][vc_single_image image=&#8220;251&#8243; img_size=&#8220;medium&#8220; alignment=&#8220;center&#8220;][\/vc_column][\/vc_row][vc_row][vc_column]<div class=\"ult-spacer spacer-69e2ff9070e60\" data-id=\"69e2ff9070e60\" data-height=\"10\" data-height-mobile=\"5\" data-height-tab=\"\" data-height-tab-portrait=\"\" data-height-mobile-landscape=\"5\" style=\"clear:both;display:block;\"><\/div>[\/vc_column][\/vc_row][vc_row][vc_column]<div class=\"ult-spacer spacer-69e2ff9070e79\" data-id=\"69e2ff9070e79\" data-height=\"10\" data-height-mobile=\"5\" data-height-tab=\"\" data-height-tab-portrait=\"\" data-height-mobile-landscape=\"5\" style=\"clear:both;display:block;\"><\/div>[vc_single_image image=&#8220;269&#8243; img_size=&#8220;2000&#215;5&#8243; alignment=&#8220;center&#8220;]<div class=\"ult-spacer spacer-69e2ff9070e8c\" data-id=\"69e2ff9070e8c\" data-height=\"10\" data-height-mobile=\"5\" data-height-tab=\"\" data-height-tab-portrait=\"\" data-height-mobile-landscape=\"5\" style=\"clear:both;display:block;\"><\/div>[vc_column_text]Seit dem 1.1.2020 gibt es eine neue Pr\u00fcfungsordnung. Es wird nicht mehr zwischen Jugendschwimmabzeichen und Schwimmabzeichen unterschieden. Unabh\u00e4ngig vom Alter sind jetzt die Schwimmabzeichen Bronze, Silber und Gold der Nachweis des sicheren Schwimmens.[\/vc_column_text][\/vc_column][\/vc_row][vc_row bg_type=&#8220;image&#8220; parallax_style=&#8220;vcpb-vz-jquery&#8220; bg_image_new=&#8220;id^356|url^https:\/\/schwimmschule-kleine-fische.de\/wp-content\/uploads\/2020\/04\/footer_bg_1024.png|caption^null|alt^null|title^footer_bg_1024|description^null&#8220; bg_image_repeat=&#8220;no-repeat&#8220; bg_img_attach=&#8220;fixed&#8220; bg_override=&#8220;full&#8220;][vc_column]<div id=\"ultimate-heading-813869e2ff9070f18\" class=\"uvc-heading ult-adjust-bottom-margin ultimate-heading-813869e2ff9070f18 uvc-5978 \" data-hspacer=\"image_only\"  data-halign=\"center\" style=\"text-align:center\"><div class=\"uvc-main-heading ult-responsive\"  data-ultimate-target='.uvc-heading.ultimate-heading-813869e2ff9070f18 h3'  data-responsive-json-new='{\"font-size\":\"\",\"line-height\":\"\"}' ><h3 style=\"font-weight:normal;\">Seepferdchen<\/h3><\/div><div class=\"uvc-heading-spacer image_only\" style=\"top\"><img decoding=\"async\" src=\"https:\/\/schwimmschule-kleine-fische.de\/wp-content\/uploads\/2020\/04\/splitter-largeX5.jpg\" class=\"ultimate-headings-icon-image\" alt=\"null\" style=\"width:2000px\"\/><\/div><\/div><div class=\"ult-spacer spacer-69e2ff9070f49\" data-id=\"69e2ff9070f49\" data-height=\"10\" data-height-mobile=\"5\" data-height-tab=\"\" data-height-tab-portrait=\"\" data-height-mobile-landscape=\"5\" style=\"clear:both;display:block;\"><\/div>[\/vc_column][vc_column el_align=&#8220;center&#8220; width=&#8220;1\/4&#8243; css=&#8220;.vc_custom_1585912880222{margin-top: 30px !important;}&#8220;][vc_single_image image=&#8220;89&#8243; img_size=&#8220;medium&#8220; alignment=&#8220;center&#8220;][\/vc_column][vc_column width=&#8220;3\/4&#8243;]<ul class='dt-sc-fancy-list  blue arrow'>\n<li>Sprung vom Beckenrand mit anschlie\u00dfendem 25 m Schwimmen in einer Schwimmart in Bauch- oder R\u00fcckenlage (Grobform, w\u00e4hrend des Schwimmens in Bauchlage erkennbar ins Wasser ausatmen)<\/li>\n<li>Heraufholen eines Gegenstandes mit den H\u00e4nden aus schultertiefem Wasser (Schultertiefe bezogen auf den Pr\u00fcfling)<\/li>\n<li>Kenntnis von Baderegeln<\/li>\n<\/ul>[vc_column_text]<strong>Wichtig<\/strong>: Das Seepferdchen Abzeichen bedeutet nicht, dass die Kinder schwimmsicher sind. Sie m\u00fcssen unbedingt weiterhin beim Schwimmen beaufsichtigt werden![\/vc_column_text][\/vc_column][\/vc_row][vc_row][vc_column]<div class=\"ult-spacer spacer-69e2ff9070fd3\" data-id=\"69e2ff9070fd3\" data-height=\"20\" data-height-mobile=\"10\" data-height-tab=\"\" data-height-tab-portrait=\"\" data-height-mobile-landscape=\"10\" style=\"clear:both;display:block;\"><\/div>[\/vc_column][\/vc_row][vc_row][vc_column]<div id=\"ultimate-heading-172469e2ff907104d\" class=\"uvc-heading ult-adjust-bottom-margin ultimate-heading-172469e2ff907104d uvc-4508 \" data-hspacer=\"image_only\"  data-halign=\"center\" style=\"text-align:center\"><div class=\"uvc-main-heading ult-responsive\"  data-ultimate-target='.uvc-heading.ultimate-heading-172469e2ff907104d h3'  data-responsive-json-new='{\"font-size\":\"\",\"line-height\":\"\"}' ><h3 style=\"font-weight:normal;\">Deutsches Jugendschwimmabzeichen Bronze<\/h3><\/div><div class=\"uvc-heading-spacer image_only\" style=\"top\"><img decoding=\"async\" src=\"https:\/\/schwimmschule-kleine-fische.de\/wp-content\/uploads\/2020\/04\/splitter-largeX5.jpg\" class=\"ultimate-headings-icon-image\" alt=\"null\" style=\"width:2000px\"\/><\/div><\/div><div class=\"ult-spacer spacer-69e2ff907106f\" data-id=\"69e2ff907106f\" data-height=\"10\" data-height-mobile=\"5\" data-height-tab=\"\" data-height-tab-portrait=\"\" data-height-mobile-landscape=\"5\" style=\"clear:both;display:block;\"><\/div>[\/vc_column][vc_column el_align=&#8220;center&#8220; width=&#8220;1\/4&#8243; css=&#8220;.vc_custom_1585912866923{margin-top: 30px !important;}&#8220;][vc_single_image image=&#8220;91&#8243; img_size=&#8220;medium&#8220; alignment=&#8220;center&#8220;][\/vc_column][vc_column width=&#8220;3\/4&#8243;]<ul class='dt-sc-fancy-list  blue arrow'>\n<li>einmal ca. 2 m Tieftauchen von der Wasseroberfl\u00e4che mit Heraufholen eines Gegenstandes (z.B.: kleiner Tauchring)<\/li>\n<li>ein Paketsprung vom Startblock oder 1 m-Brett<\/li>\n<li>Sprung kopfw\u00e4rts vom Beckenrand und 15 Minuten Schwimmen. In dieser Zeit sind mindestens 200 m zur\u00fcckzulegen, davon 150 m in Bauch- oder R\u00fcckenlage in einer erkennbaren Schwimmart und 50 m in der anderen K\u00f6rperlage (Wechsel der K\u00f6rperlage w\u00e4hrend des Schwimmens auf der Schwimmbahn ohne Festhalten)<\/li>\n<li>Kenntnis von Baderegeln<\/li>\n<\/ul>[\/vc_column][\/vc_row][vc_row][vc_column]<div class=\"ult-spacer spacer-69e2ff90710b3\" data-id=\"69e2ff90710b3\" data-height=\"20\" data-height-mobile=\"10\" data-height-tab=\"\" data-height-tab-portrait=\"\" data-height-mobile-landscape=\"10\" style=\"clear:both;display:block;\"><\/div>[\/vc_column][\/vc_row][vc_row bg_type=&#8220;image&#8220; parallax_style=&#8220;vcpb-vz-jquery&#8220; bg_image_new=&#8220;id^356|url^https:\/\/schwimmschule-kleine-fische.de\/wp-content\/uploads\/2020\/04\/footer_bg_1024.png|caption^null|alt^null|title^footer_bg_1024|description^null&#8220; bg_image_repeat=&#8220;no-repeat&#8220; bg_img_attach=&#8220;fixed&#8220; bg_override=&#8220;full&#8220; css=&#8220;.vc_custom_1585993301403{background-color: #c2edf6 !important;}&#8220;][vc_column]<div id=\"ultimate-heading-762669e2ff9071117\" class=\"uvc-heading ult-adjust-bottom-margin ultimate-heading-762669e2ff9071117 uvc-7738 \" data-hspacer=\"image_only\"  data-halign=\"center\" style=\"text-align:center\"><div class=\"uvc-main-heading ult-responsive\"  data-ultimate-target='.uvc-heading.ultimate-heading-762669e2ff9071117 h3'  data-responsive-json-new='{\"font-size\":\"\",\"line-height\":\"\"}' ><h3 style=\"font-weight:normal;\">Deutsches Jugendschwimmabzeichen Silber<\/h3><\/div><div class=\"uvc-heading-spacer image_only\" style=\"top\"><img decoding=\"async\" src=\"https:\/\/schwimmschule-kleine-fische.de\/wp-content\/uploads\/2020\/04\/splitter-largeX5.jpg\" class=\"ultimate-headings-icon-image\" alt=\"null\" style=\"width:2000px\"\/><\/div><\/div><div class=\"ult-spacer spacer-69e2ff9071136\" data-id=\"69e2ff9071136\" data-height=\"10\" data-height-mobile=\"5\" data-height-tab=\"\" data-height-tab-portrait=\"\" data-height-mobile-landscape=\"5\" style=\"clear:both;display:block;\"><\/div>[\/vc_column][vc_column el_align=&#8220;justify&#8220; width=&#8220;1\/4&#8243; css=&#8220;.vc_custom_1585910924442{margin-top: 30px !important;}&#8220;][vc_single_image image=&#8220;101&#8243; img_size=&#8220;medium&#8220; alignment=&#8220;center&#8220;][\/vc_column][vc_column width=&#8220;3\/4&#8243;]<ul class='dt-sc-fancy-list  blue arrow'>\n<li>Sprung kopfw\u00e4rts vom Beckenrand und 20 Minuten Schwimmen. In dieser Zeit sind mindestens 400 m zur\u00fcckzulegen, davon 300 m in Bauch- oder R\u00fcckenlage in einer erkennbaren Schwimmart und 100 m in der anderen K\u00f6rperlage (Wechsel der K\u00f6rperlage w\u00e4hrend des Schwimmens auf der Schwimmbahn ohne Festhalten)<\/li>\n<li>10 m Streckentauchen mit Absto\u00dfen vom Beckenrand im Wasser<\/li>\n<li>zweimal ca. 2 m Tieftauchen von der Wasseroberfl\u00e4che mit Heraufholen je eines Gegenstandes (z.B.: kleiner Tauchring)<\/li>\n<li>Sprung aus 3 m H\u00f6he oder zwei verschiedene Spr\u00fcnge aus 1 m H\u00f6he<\/li>\n<li>Kenntnisse von Baderegeln und Verhalten zur Selbstrettung (z.B. Verhalten bei Ersch\u00f6pfung, L\u00f6sen von Kr\u00e4mpfen)<\/li>\n<\/ul>[\/vc_column][\/vc_row][vc_row][vc_column]<div class=\"ult-spacer spacer-69e2ff9071171\" data-id=\"69e2ff9071171\" data-height=\"20\" data-height-mobile=\"10\" data-height-tab=\"\" data-height-tab-portrait=\"\" data-height-mobile-landscape=\"10\" style=\"clear:both;display:block;\"><\/div>[\/vc_column][\/vc_row][vc_row][vc_column]<div id=\"ultimate-heading-223669e2ff90711cf\" class=\"uvc-heading ult-adjust-bottom-margin ultimate-heading-223669e2ff90711cf uvc-7710 \" data-hspacer=\"image_only\"  data-halign=\"center\" style=\"text-align:center\"><div class=\"uvc-main-heading ult-responsive\"  data-ultimate-target='.uvc-heading.ultimate-heading-223669e2ff90711cf h3'  data-responsive-json-new='{\"font-size\":\"\",\"line-height\":\"\"}' ><h3 style=\"font-weight:normal;\">Deutsches Jugendschwimmabzeichen Gold<\/h3><\/div><div class=\"uvc-heading-spacer image_only\" style=\"top\"><img decoding=\"async\" src=\"https:\/\/schwimmschule-kleine-fische.de\/wp-content\/uploads\/2020\/04\/splitter-largeX5.jpg\" class=\"ultimate-headings-icon-image\" alt=\"null\" style=\"width:2000px\"\/><\/div><\/div><div class=\"ult-spacer spacer-69e2ff90711ec\" data-id=\"69e2ff90711ec\" data-height=\"10\" data-height-mobile=\"5\" data-height-tab=\"\" data-height-tab-portrait=\"\" data-height-mobile-landscape=\"5\" style=\"clear:both;display:block;\"><\/div>[\/vc_column][vc_column el_align=&#8220;justify&#8220; width=&#8220;1\/4&#8243; css=&#8220;.vc_custom_1585910924442{margin-top: 30px !important;}&#8220;][vc_single_image image=&#8220;90&#8243; img_size=&#8220;medium&#8220; alignment=&#8220;center&#8220;][\/vc_column][vc_column width=&#8220;3\/4&#8243;]<ul class='dt-sc-fancy-list  blue arrow'>\n<li>Sprung kopfw\u00e4rts vom Beckenrand und 30 Minuten Schwimmen. In dieser Zeit sind mindestens 800 m zur\u00fcckzulegen, davon 650 m in Bauch- oder R\u00fcckenlage in einer erkennbaren Schwimmart und 150 m in der anderen K\u00f6rperlage (Wechsel der K\u00f6rperlage w\u00e4hrend des Schwimmens auf der Schwimmbahn ohne Festhalten)<\/li>\n<li>Startsprung und 25 m Kraulschwimmen<\/li>\n<li>50 m R\u00fcckenschwimmen mit Gr\u00e4tschschwung ohne Armt\u00e4tigkeit oder R\u00fcckenkraulschwimmen<\/li>\n<li>10 m Streckentauchen aus der Schwimmlage (ohne Absto\u00dfen vom Beckenrand)\ndreimal ca. 2 m Tieftauchen von der Wasseroberfl\u00e4che mit Heraufholen je eines Gegenstandes (z.B.: kleiner Tauchring) innerhalb von 3 Minuten<\/li>\n<li>Ein Sprung aus 3m H\u00f6he oder 2 verschiedene Spr\u00fcnge aus 1m H\u00f6he\n50 m Transportschwimmen: Schieben oder Ziehen<\/li>\n<li>Startsprung und 50 m Brustschwimmen in h\u00f6chstens 1:15 Minuten<\/li>\n<li>Kenntnis von Baderegeln<\/li>\n<li>Hilfe bei Bade-, Boots- und Eisunf\u00e4llen (Selbstrettung, einfache Fremdrettung)<\/li>\n<\/ul>[\/vc_column][\/vc_row][vc_row][vc_column][\/vc_column][\/vc_row]<\/p>\n<\/div>","protected":false},"excerpt":{"rendered":"<p>[vc_row][vc_column][\/vc_column][vc_column][vc_row_inner content_placement=&#8220;top&#8220;][vc_column_inner][layerslider_vc id=&#8220;4&#8243;][\/vc_column_inner][\/vc_row_inner][\/vc_column][\/vc_row][vc_row][vc_column width=&#8220;2\/4&#8243;][vc_column_text]Die Kinder haben bei uns die M\u00f6glichkeit das Seepferdchen-, Bronze-, Silber- und Goldabzeichen zu machen. Da der Weg zum Seepferdchen oftmals sehr lang ist k\u00f6nnen die Kinder [&hellip;]<\/p>\n","protected":false},"author":1,"featured_media":0,"parent":0,"menu_order":0,"comment_status":"closed","ping_status":"closed","template":"","meta":{"footnotes":""},"class_list":["post-48","page","type-page","status-publish","hentry"],"_links":{"self":[{"href":"https:\/\/schwimmschule-kleine-fische.de\/index.php?rest_route=\/wp\/v2\/pages\/48","targetHints":{"allow":["GET"]}}],"collection":[{"href":"https:\/\/schwimmschule-kleine-fische.de\/index.php?rest_route=\/wp\/v2\/pages"}],"about":[{"href":"https:\/\/schwimmschule-kleine-fische.de\/index.php?rest_route=\/wp\/v2\/types\/page"}],"author":[{"embeddable":true,"href":"https:\/\/schwimmschule-kleine-fische.de\/index.php?rest_route=\/wp\/v2\/users\/1"}],"replies":[{"embeddable":true,"href":"https:\/\/schwimmschule-kleine-fische.de\/index.php?rest_route=%2Fwp%2Fv2%2Fcomments&post=48"}],"version-history":[{"count":58,"href":"https:\/\/schwimmschule-kleine-fische.de\/index.php?rest_route=\/wp\/v2\/pages\/48\/revisions"}],"predecessor-version":[{"id":1104,"href":"https:\/\/schwimmschule-kleine-fische.de\/index.php?rest_route=\/wp\/v2\/pages\/48\/revisions\/1104"}],"wp:attachment":[{"href":"https:\/\/schwimmschule-kleine-fische.de\/index.php?rest_route=%2Fwp%2Fv2%2Fmedia&parent=48"}],"curies":[{"name":"wp","href":"https:\/\/api.w.org\/{rel}","templated":true}]}}