{"id":56,"date":"2020-03-29T19:03:14","date_gmt":"2020-03-29T17:03:14","guid":{"rendered":"http:\/\/kf.dietour.org\/?page_id=56"},"modified":"2024-07-22T16:53:46","modified_gmt":"2024-07-22T14:53:46","slug":"kontakt","status":"publish","type":"page","link":"https:\/\/schwimmschule-kleine-fische.de\/?page_id=56","title":{"rendered":"Kontakt\/Anmeldung"},"content":{"rendered":"<div class=\"wpb-content-wrapper\"><p>[vc_row][vc_column][vc_column_text]Katja Prahl<\/p>\n<p>Email: info@schwimmschulekleinefische.de<\/p>\n<p>Telefon: 04101\/855962<\/p>\n<p>Sprechzeit ab September 2024 Mittwoch 8 bis 10 Uhr<\/p>\n<div><strong>Hinweis:<\/strong><\/div>\n<div>Ich f\u00fchre keine Warteliste mehr. Wenn Sie Interesse an einem Schwimmplatz f\u00fcr Ihr Kind haben schauen Sie unter Aktuelles auf meiner Homepage nach.<\/div>\n<div>Dort werde ich Sie informieren, wenn ich wieder freie Pl\u00e4tze habe. Dies kann immer einige Zeit dauern, da ich kein Kurssystem habe und erst wieder freie Pl\u00e4tze habe, wenn Kinder aufh\u00f6ren.<\/div>\n<div><\/div>\n<div><\/div>\n<div>Vielen Dank!<\/div>\n<div><\/div>\n<div><\/div>\n<div><\/div>\n<p>[\/vc_column_text][\/vc_column][\/vc_row]<\/p>\n<\/div>","protected":false},"excerpt":{"rendered":"<p>[vc_row][vc_column][vc_column_text]Katja Prahl Email: info@schwimmschulekleinefische.de Telefon: 04101\/855962 Sprechzeit ab September 2024 Mittwoch 8 bis 10 Uhr Hinweis: Ich f\u00fchre keine Warteliste mehr. Wenn Sie Interesse an einem Schwimmplatz f\u00fcr Ihr Kind [&hellip;]<\/p>\n","protected":false},"author":1,"featured_media":0,"parent":0,"menu_order":0,"comment_status":"closed","ping_status":"closed","template":"","meta":{"footnotes":""},"class_list":["post-56","page","type-page","status-publish","hentry"],"_links":{"self":[{"href":"https:\/\/schwimmschule-kleine-fische.de\/index.php?rest_route=\/wp\/v2\/pages\/56","targetHints":{"allow":["GET"]}}],"collection":[{"href":"https:\/\/schwimmschule-kleine-fische.de\/index.php?rest_route=\/wp\/v2\/pages"}],"about":[{"href":"https:\/\/schwimmschule-kleine-fische.de\/index.php?rest_route=\/wp\/v2\/types\/page"}],"author":[{"embeddable":true,"href":"https:\/\/schwimmschule-kleine-fische.de\/index.php?rest_route=\/wp\/v2\/users\/1"}],"replies":[{"embeddable":true,"href":"https:\/\/schwimmschule-kleine-fische.de\/index.php?rest_route=%2Fwp%2Fv2%2Fcomments&post=56"}],"version-history":[{"count":7,"href":"https:\/\/schwimmschule-kleine-fische.de\/index.php?rest_route=\/wp\/v2\/pages\/56\/revisions"}],"predecessor-version":[{"id":1101,"href":"https:\/\/schwimmschule-kleine-fische.de\/index.php?rest_route=\/wp\/v2\/pages\/56\/revisions\/1101"}],"wp:attachment":[{"href":"https:\/\/schwimmschule-kleine-fische.de\/index.php?rest_route=%2Fwp%2Fv2%2Fmedia&parent=56"}],"curies":[{"name":"wp","href":"https:\/\/api.w.org\/{rel}","templated":true}]}}